{"id":11472,"date":"2019-04-20T12:36:17","date_gmt":"2019-04-20T10:36:17","guid":{"rendered":"http:\/\/www.comprensivonegricasale.edu.it\/?page_id=11472"},"modified":"2019-05-17T12:28:28","modified_gmt":"2019-05-17T10:28:28","slug":"voucher-scuola-2019-2020","status":"publish","type":"page","link":"https:\/\/www.comprensivonegricasale.edu.it\/segreteria\/voucher-scuola-2019-2020\/","title":{"rendered":"Voucher scuola 2019-2020"},"content":{"rendered":"<h1 style=\"text-align: center;\"><a href=\"https:\/\/www.regione.piemonte.it\/web\/temi\/istruzione-formazione-lavoro\/istruzione\/voucher-scuola\/voucher-scuola-2019-2020\"><img decoding=\"async\" loading=\"lazy\" class=\"aligncenter wp-image-11473\" src=\"http:\/\/www.comprensivonegricasale.edu.it\/wp-content\/uploads\/2019\/04\/LOCANDINA-VOUCHER-SCUOLA-19-20-300x152.png\" alt=\"\" width=\"600\" height=\"304\" srcset=\"https:\/\/www.comprensivonegricasale.edu.it\/wp-content\/uploads\/2019\/04\/LOCANDINA-VOUCHER-SCUOLA-19-20-300x152.png 300w, https:\/\/www.comprensivonegricasale.edu.it\/wp-content\/uploads\/2019\/04\/LOCANDINA-VOUCHER-SCUOLA-19-20-768x389.png 768w, https:\/\/www.comprensivonegricasale.edu.it\/wp-content\/uploads\/2019\/04\/LOCANDINA-VOUCHER-SCUOLA-19-20-1024x519.png 1024w, https:\/\/www.comprensivonegricasale.edu.it\/wp-content\/uploads\/2019\/04\/LOCANDINA-VOUCHER-SCUOLA-19-20-180x91.png 180w\" sizes=\"(max-width: 600px) 100vw, 600px\" \/><\/a><\/h1>\n<p>Dal&nbsp;<strong>18 Aprile 2019 al 30 Maggio<\/strong><strong>&nbsp;2019<\/strong>&nbsp;sar\u00e0 aperto il bando relativo al Voucher per il diritto allo studio, di cui alla L.r. 28 dicembre 2007 n. 28 \u201cNorme sull\u2019Istruzione, il diritto allo studio, la libera scelta educativa\u201d.<span id=\"more-11459\"><\/span><\/p>\n<p>Le famiglie degli studenti&nbsp;<strong>residenti in Piemonte<\/strong>&nbsp;iscritti all\u2019anno scolastico 2019\/2020 possono presentare un\u2019unica domanda per gli aiuti economici per il diritto allo studio, finanziati con risorse regionali e statali.<\/p>\n<p>L\u2019erogazione del voucher avverr\u00e0 nel mese di luglio da parte della Regione, con una tempistica adeguata all\u2019avvio dell\u2019anno scolastico e al momento in cui le famiglie effettuano le principali spese legate alla scuola.<\/p>\n<p>Sul sito della Regione Piemonte, all\u2019indirizzo<\/p>\n<p><a href=\"https:\/\/www.regione.piemonte.it\/web\/temi\/istruzione-formazione-lavoro\/istruzione\/voucher-scuola\/voucher-scuola-2019-2020\" target=\"_blank\" rel=\"noopener noreferrer\">https:\/\/www.regione.piemonte.it\/web\/temi\/ istruzione-formazione-lavoro\/istruzione\/voucher-scuola\/voucher-scuola-2019-2020<\/a><\/p>\n<p>si trovano le indicazioni relative ai criteri di accesso e il collegamento al portale di presentazione della domanda on line in cui si pu\u00f2 scaricare il modulo. Per la regolarit\u00e0 della domanda, \u00e8 fondamentale salvare il modulo su postazione locale, compilarlo elettronicamente, validarlo e trasmetterlo accedendo nuovamente al sistema.<\/p>\n<p>Per disposizione di legge statale \u00e8 necessario essere in possesso delle credenziali SPID, il Sistema Pubblico di Identit\u00e0 Digitale che ti permette di accedere a tutti i servizi online della Pubblica Amministrazione con un\u2019unica Identit\u00e0 Digitale (username e password) utilizzabile da computer, tablet e smartphone. Sul sito&nbsp;<a href=\"http:\/\/www.spid.gov.it\/\">www.spid.gov.it<\/a>&nbsp;si trovano tutte le indicazioni per l\u2019ottenimento.<\/p>\n<p>Si ricorda a tutti che il rilascio non \u00e8 immediato e pertanto \u00e8 opportuno attivarsi per tempo.<\/p>\n<p>Per questo bando \u00e8 ancora possibile utilizzare le credenziali Sistema Piemonte solo se ancora attive. Pertanto chi le avesse smarrite, non le avesse pi\u00f9 attive o presenti la domanda per la prima volta deve necessariamente utilizzare le credenziali SPID.<\/p>\n<p>L\u2019ufficio Pubblica Istruzione del Comune di Casale Monferrato (Via Mameli, 14) \u00e8 disponibile a fornire assistenza &nbsp;per la presentazione delle domande&nbsp;<\/p>\n<h2 class=\"field__label\">Numero verde attivo da luned\u00ec a venerd\u00ec ore 8.00-18.00<\/h2>\n<div class=\"field__items\">\n<div class=\"field__item\">\n<div class=\"paragraph paragraph--type--contatti paragraph--view-mode--default\">\n<dl class=\"field field--name-field-telefono field--type-telephone field--label-inline\">\n<dd class=\"field__item\"><span style=\"font-size: 18pt;\"><strong>800 333 444<\/strong><\/span><\/dd>\n<\/dl>\n<dl class=\"field field--name-field-email field--type-email field--label-inline\">\n<dt class=\"field__label\">Email:&nbsp;<a href=\"mailto:bandovoucher2020@regione.piemonte.it\">bandovoucher2020@regione.piemonte.it<\/a><\/dt>\n<\/dl>\n<\/div>\n<\/div>\n<\/div>\n","protected":false},"excerpt":{"rendered":"<p>Dal&nbsp;18 Aprile 2019 al 30 Maggio&nbsp;2019&nbsp;sar\u00e0 aperto il bando relativo al Voucher per il diritto allo studio, di cui alla L.r. 28 dicembre 2007 n. 28 \u201cNorme sull\u2019Istruzione, il diritto allo studio, la libera scelta educativa\u201d. Le famiglie degli studenti&nbsp;residenti in Piemonte&nbsp;iscritti all\u2019anno scolastico 2019\/2020 possono presentare un\u2019unica domanda per gli aiuti economici per il&nbsp; &nbsp; <a class=\"moretag\" href=\"https:\/\/www.comprensivonegricasale.edu.it\/segreteria\/voucher-scuola-2019-2020\/\" title=\"Leggi l&#180;intero articolo\">&raquo;<\/a><\/p>\n","protected":false},"author":1,"featured_media":0,"parent":57,"menu_order":0,"comment_status":"closed","ping_status":"closed","template":"","meta":{"ngg_post_thumbnail":0},"_links":{"self":[{"href":"https:\/\/www.comprensivonegricasale.edu.it\/wp-json\/wp\/v2\/pages\/11472"}],"collection":[{"href":"https:\/\/www.comprensivonegricasale.edu.it\/wp-json\/wp\/v2\/pages"}],"about":[{"href":"https:\/\/www.comprensivonegricasale.edu.it\/wp-json\/wp\/v2\/types\/page"}],"author":[{"embeddable":true,"href":"https:\/\/www.comprensivonegricasale.edu.it\/wp-json\/wp\/v2\/users\/1"}],"replies":[{"embeddable":true,"href":"https:\/\/www.comprensivonegricasale.edu.it\/wp-json\/wp\/v2\/comments?post=11472"}],"version-history":[{"count":3,"href":"https:\/\/www.comprensivonegricasale.edu.it\/wp-json\/wp\/v2\/pages\/11472\/revisions"}],"predecessor-version":[{"id":11557,"href":"https:\/\/www.comprensivonegricasale.edu.it\/wp-json\/wp\/v2\/pages\/11472\/revisions\/11557"}],"up":[{"embeddable":true,"href":"https:\/\/www.comprensivonegricasale.edu.it\/wp-json\/wp\/v2\/pages\/57"}],"wp:attachment":[{"href":"https:\/\/www.comprensivonegricasale.edu.it\/wp-json\/wp\/v2\/media?parent=11472"}],"curies":[{"name":"wp","href":"https:\/\/api.w.org\/{rel}","templated":true}]}}