{"id":12793,"date":"2020-09-03T10:39:02","date_gmt":"2020-09-03T08:39:02","guid":{"rendered":"http:\/\/www.comprensivonegricasale.edu.it\/?page_id=12793"},"modified":"2022-08-05T11:43:12","modified_gmt":"2022-08-05T09:43:12","slug":"dichiarazione-messa-a-disposizione-m-a-d","status":"publish","type":"page","link":"https:\/\/www.comprensivonegricasale.edu.it\/dichiarazione-messa-a-disposizione-m-a-d\/","title":{"rendered":"Dichiarazione Messa a disposizione &#8211; M.A.D."},"content":{"rendered":"<p>Prot. n. 4054\/U del 29\/06\/2022<br \/>\nCasale Monferrato 29\/06\/2022<\/p>\n<p>&nbsp;<\/p>\n<p style=\"text-align: center\"><strong>IL DIRIGENTE SCOLASTICO<\/strong><strong>\u00a0<\/strong><\/p>\n<p><strong>VISTA<\/strong>\u00a0\u00a0\u00a0\u00a0\u00a0\u00a0\u00a0\u00a0\u00a0\u00a0\u00a0 l\u2019Ordinanza Ministeriale n. 60 del 10 luglio 2020 \u201cProcedure di istituzione delle graduatorie provinciali e di istituto di cui all\u2019art. 4, commi 6 bis e 6 ter, della legge 3 maggio 1999, n. 124 e di conferimento delle relative supplenze per il personale docente ed educativo\u201d;<\/p>\n<p><strong>CONSIDERATO<\/strong>\u00a0\u00a0\u00a0\u00a0\u00a0 l\u2019elevato numero di dichiarazioni di messa a disposizione (MAD) che vengono annualmente presentate all\u2019Istituto e la necessit\u00e0 di ricorrere ad esse in corso d\u2019anno scolastico per l\u2019assegnazione di supplenze;<\/p>\n<p style=\"text-align: center\"><strong>DISPONE <\/strong><\/p>\n<p>i seguenti criteri per la presentazione\u00a0 delle domande di messa a disposizione (MAD) per l\u2019A.S. 2022\/2023:<\/p>\n<ul>\n<li>Possesso dello specifico titolo di accesso, o in procinto di conseguirlo e\/o altri titoli pertinenti e\/o di eventuale abilitazione per la classe di concorso richiesta;<\/li>\n<li><del>Autocertificazione di aver presentato dichiarazione MAD in una sola provincia; <\/del>(VEDI DECRETO DI RETTIFICA)<\/li>\n<li>Disponibilit\u00e0 a prendere immediato servizio in caso di supplenze inferiori a trenta giorni;<\/li>\n<li>Disponibilit\u00e0 a prendere servizio entro le 48 ore in caso di supplenze superiori ai trenta giorni.<\/li>\n<\/ul>\n<p>Le dichiarazioni MAD potranno essere presentate tramite posta elettronica, allegando documento di identit\u00e0, ai seguenti indirizzi:<\/p>\n<p><a href=\"mailto:alic824003@istruzione.it\">alic824003@istruzione.it<\/a><br \/>\n<a href=\"mailto:alic824003@pec.istruzione.it\">alic824003@pec.istruzione.it<\/a><\/p>\n<p>Qualora la MAD non contenga tutti i dati e le dichiarazioni richieste non potr\u00e0 essere accolta.<\/p>\n<p>Si precisa che per l\u2019accettazione delle MAD il periodo di validit\u00e0 segue l\u2019anno scolastico 01\/09\/2022 \u2013 31\/08\/2023. Verranno tenute in considerazione le MAD presentate dal 01\/07\/2022 che contengano tutti i dati e le dichiarazioni sopra richieste.<\/p>\n<p>Verr\u00e0 data priorit\u00e0 agli aspiranti che, autocertificandolo hanno gi\u00e0 prestato servizio.<\/p>\n<p><strong>Il Dirigente Scolastico<br \/>\n<\/strong><strong>Prof.ssa Emanuela CAVALLI<br \/>\n<\/strong><span style=\"font-size: 8pt\">Firma autografa omessa ai sensi dell\u2019art. 3,<br \/>\n<\/span><span style=\"font-size: 8pt\">comma 2 del Decreto Legge 39\/93<\/span><\/p>\n<!-- WP Attachments -->\r\n        <div style=\"width:100%;margin:10px 0 10px 0;\">\r\n            <h3>Allegati<\/h3>\r\n        <ul class=\"post-attachments\"><li class=\"post-attachment mime-application-pdf\"><a href=\"https:\/\/www.comprensivonegricasale.edu.it\/wp-content\/uploads\/2022\/07\/determina-mad-22-23.pdf\">determina mad 22-23<\/a> <small>(415 kB)<\/small><\/li><li class=\"post-attachment mime-application-pdf\"><a href=\"https:\/\/www.comprensivonegricasale.edu.it\/wp-content\/uploads\/2022\/08\/rettifica_MAD2022.23-1.pdf.pades_-1.pdf\">rettifica_MAD2022.23.pdf.pades<\/a> <small>(467 kB)<\/small><\/li><\/ul><\/div>","protected":false},"excerpt":{"rendered":"<p>Prot. n. 4054\/U del 29\/06\/2022 Casale Monferrato 29\/06\/2022 &nbsp; IL DIRIGENTE SCOLASTICO\u00a0 VISTA\u00a0\u00a0\u00a0\u00a0\u00a0\u00a0\u00a0\u00a0\u00a0\u00a0\u00a0 l\u2019Ordinanza Ministeriale n. 60 del 10 luglio 2020 \u201cProcedure di istituzione delle graduatorie provinciali e di istituto di cui all\u2019art. 4, commi 6 bis e 6 ter, della legge 3 maggio 1999, n. 124 e di conferimento delle relative supplenze per il&nbsp; &nbsp; <a class=\"moretag\" href=\"https:\/\/www.comprensivonegricasale.edu.it\/dichiarazione-messa-a-disposizione-m-a-d\/\" title=\"Leggi l&#180;intero articolo\">&raquo;<\/a><\/p>\n","protected":false},"author":5,"featured_media":0,"parent":0,"menu_order":0,"comment_status":"closed","ping_status":"closed","template":"","meta":{"ngg_post_thumbnail":0},"_links":{"self":[{"href":"https:\/\/www.comprensivonegricasale.edu.it\/wp-json\/wp\/v2\/pages\/12793"}],"collection":[{"href":"https:\/\/www.comprensivonegricasale.edu.it\/wp-json\/wp\/v2\/pages"}],"about":[{"href":"https:\/\/www.comprensivonegricasale.edu.it\/wp-json\/wp\/v2\/types\/page"}],"author":[{"embeddable":true,"href":"https:\/\/www.comprensivonegricasale.edu.it\/wp-json\/wp\/v2\/users\/5"}],"replies":[{"embeddable":true,"href":"https:\/\/www.comprensivonegricasale.edu.it\/wp-json\/wp\/v2\/comments?post=12793"}],"version-history":[{"count":17,"href":"https:\/\/www.comprensivonegricasale.edu.it\/wp-json\/wp\/v2\/pages\/12793\/revisions"}],"predecessor-version":[{"id":15881,"href":"https:\/\/www.comprensivonegricasale.edu.it\/wp-json\/wp\/v2\/pages\/12793\/revisions\/15881"}],"wp:attachment":[{"href":"https:\/\/www.comprensivonegricasale.edu.it\/wp-json\/wp\/v2\/media?parent=12793"}],"curies":[{"name":"wp","href":"https:\/\/api.w.org\/{rel}","templated":true}]}}