{"id":65,"date":"2009-04-22T22:36:30","date_gmt":"2009-04-22T20:36:30","guid":{"rendered":"http:\/\/www.scuolacooperativa.net\/wordpress\/?page_id=65"},"modified":"2021-09-15T14:10:58","modified_gmt":"2021-09-15T12:10:58","slug":"orari-di-apertura","status":"publish","type":"page","link":"https:\/\/www.comprensivonegricasale.edu.it\/segreteria\/orari-di-apertura\/","title":{"rendered":"Orari apertura segreteria"},"content":{"rendered":"<p><strong><span style=\"font-size: 14pt;\">Segreteria Alunni &nbsp;<\/span><\/strong><span style=\"font-size: 12pt;\">Piano Terra&nbsp;<\/span><span style=\"font-size: 14pt;\">(<\/span><span style=\"font-size: 12pt;\">Tel 0142 452313 interno 1)<\/span><\/p>\n<p>dal Luned\u00ec al Sabato 11:00 &#8211; 13:00<br \/>\nI Sigg. Genitori\/Tutori possono accedere solo con Green Pass Valido<\/p>\n<p><strong><span style=\"font-size: 14pt;\">Segreteria Personale &#8211; <span style=\"text-decoration: underline;\">Solo su prenotazione <\/span><\/span><\/strong><span style=\"font-size: 12pt;\">Primo Piano&nbsp;<\/span><span style=\"font-size: 14pt;\">(<\/span><span style=\"font-size: 14pt;\"><span style=\"font-size: 12pt;\">Tel 0142 452313 interno 2 email alic824003@istruzione.it)<\/span><\/span><\/p>\n<p>dal Luned\u00ec al Sabato 07:30&nbsp;&#8211; 13:30<br \/>\nMarted\u00ec e Gioved\u00ec pomeriggio 14:30&nbsp;&#8211;&nbsp;16:30<\/p>\n<p>&nbsp;<\/p>\n<p><strong>Durante il mese di Luglio e Agosto gli uffici saranno chiusi nella giornata di Sabato ed osserveranno l&#8217;orario antimeridiano<\/strong><\/p>\n","protected":false},"excerpt":{"rendered":"<p>Segreteria Alunni &nbsp;Piano Terra&nbsp;(Tel 0142 452313 interno 1) dal Luned\u00ec al Sabato 11:00 &#8211; 13:00 I Sigg. Genitori\/Tutori possono accedere solo con Green Pass Valido Segreteria Personale &#8211; Solo su prenotazione Primo Piano&nbsp;(Tel 0142 452313 interno 2 email alic824003@istruzione.it) dal Luned\u00ec al Sabato 07:30&nbsp;&#8211; 13:30 Marted\u00ec e Gioved\u00ec pomeriggio 14:30&nbsp;&#8211;&nbsp;16:30 &nbsp; Durante il mese di&nbsp; &nbsp; <a class=\"moretag\" href=\"https:\/\/www.comprensivonegricasale.edu.it\/segreteria\/orari-di-apertura\/\" title=\"Leggi l&#180;intero articolo\">&raquo;<\/a><\/p>\n","protected":false},"author":1,"featured_media":0,"parent":57,"menu_order":1,"comment_status":"closed","ping_status":"closed","template":"","meta":{"ngg_post_thumbnail":0},"_links":{"self":[{"href":"https:\/\/www.comprensivonegricasale.edu.it\/wp-json\/wp\/v2\/pages\/65"}],"collection":[{"href":"https:\/\/www.comprensivonegricasale.edu.it\/wp-json\/wp\/v2\/pages"}],"about":[{"href":"https:\/\/www.comprensivonegricasale.edu.it\/wp-json\/wp\/v2\/types\/page"}],"author":[{"embeddable":true,"href":"https:\/\/www.comprensivonegricasale.edu.it\/wp-json\/wp\/v2\/users\/1"}],"replies":[{"embeddable":true,"href":"https:\/\/www.comprensivonegricasale.edu.it\/wp-json\/wp\/v2\/comments?post=65"}],"version-history":[{"count":11,"href":"https:\/\/www.comprensivonegricasale.edu.it\/wp-json\/wp\/v2\/pages\/65\/revisions"}],"predecessor-version":[{"id":14474,"href":"https:\/\/www.comprensivonegricasale.edu.it\/wp-json\/wp\/v2\/pages\/65\/revisions\/14474"}],"up":[{"embeddable":true,"href":"https:\/\/www.comprensivonegricasale.edu.it\/wp-json\/wp\/v2\/pages\/57"}],"wp:attachment":[{"href":"https:\/\/www.comprensivonegricasale.edu.it\/wp-json\/wp\/v2\/media?parent=65"}],"curies":[{"name":"wp","href":"https:\/\/api.w.org\/{rel}","templated":true}]}}