{"id":6755,"date":"2014-03-04T09:30:58","date_gmt":"2014-03-04T08:30:58","guid":{"rendered":"http:\/\/www.renatadurighello.it\/provepa\/?page_id=6755"},"modified":"2022-05-12T11:47:17","modified_gmt":"2022-05-12T09:47:17","slug":"privacy","status":"publish","type":"page","link":"https:\/\/www.comprensivonegricasale.edu.it\/amministrazione-digitale\/privacy\/","title":{"rendered":"Privacy"},"content":{"rendered":"<div class=\"et_pb_module et_pb_text et_pb_text_0 et_pb_bg_layout_light et_pb_text_align_left\">\n<div class=\"et_pb_text_inner\">\n<h1>Regolamento europeo in materia di protezione dei dati personali<\/h1>\n<\/div>\n<\/div>\n<div class=\"et_pb_module et_pb_text et_pb_text_1 et_pb_bg_layout_light et_pb_text_align_left\">\n<div class=\"et_pb_text_inner\">\n<div class=\"postentry\">\n<p>A seguito delle modifiche apportare dal Regolamento UE 2016\/679 vengono di seguito allegate le nuove informative e comunicazioni.<\/p>\n<p>Si ricorda quanto segue:<\/p>\n<p><strong>Titolare del trattamento<\/strong>:<br \/>\n\u201cIstituto Comprensivo Francesco NEGRI<\/p>\n<p>Via Gonzaga, 21 \u2013 15033 Casale M.to (AL)<br \/>\ntel.: 0142 452313&nbsp;<br \/>\nsito: https:\/\/www.comprensivonegricasale.edu.it<br \/>\nemail: alic824003@istruzione.it<br \/>\npec: alic824003@pec.istruzione.it<br \/>\nLegale rappresentante Dirigente Scolastico Emanuela CAVALLI<\/p>\n<p><strong>Responsabile della protezione dati<\/strong><\/p>\n<p>La Responsabile della protezione dei dati&nbsp; (RPD \/DPO), designata ai sensi dell\u2019art. 37 del Regolamento UE 2016\/679 \u00e8 la Dott.sa Debora Marianna PAGANO<br \/>\nAi sensi dell\u2019art. 38 comma 4 del GDPR gli interessati (dipendenti, alunni, genitori, fornitori etc.) possono contattare senza formalit\u00e0 la Responsabile della protezione dei dati Dott.sa Debora Marianna PAGANO per tutte le questioni relative al trattamento dei loro dati personali dati personali e all\u2019esercizio dei loro diritti.<br \/>\nIl Responsabile della protezione dei dati personali pu\u00f2 essere contattato alla mail&nbsp; <a href=\"mailto:privacy@emade.pro\">privacy@emade.pro<\/a><\/p>\n<\/div>\n<\/div>\n<\/div>\n<p>&nbsp;<\/p>\n<p><strong>Sommario<\/strong><\/p>\n<p>Definizioni utilizzate in questo documento<br \/>\nPrincipi sulla protezione dei dati<br \/>\nDati di navigazione<br \/>\nDati forniti dall\u2019utente<br \/>\nTempi di conservazione dei dati<br \/>\nDiritti dell\u2019interessato<br \/>\nCome utilizziamo i tuoi dati personali<br \/>\nCome proteggiamo i tuoi dati<br \/>\nInformazioni sui cookie<br \/>\nInformazioni sui commenti<\/p>\n<p>&nbsp;<\/p>\n<p><strong>Definizioni<\/strong><\/p>\n<p>Dati personali: qualsiasi informazione relativa a una persona fisica identificata o identificabile.<br \/>\nElaborazione: qualsiasi operazione o insieme di operazioni eseguite su Dati personali o su serie di Dati personali.<br \/>\nSoggetto dei dati \u2013 una persona fisica i cui dati personali sono stati elaborati.<br \/>\nMinore \u2013 una persona fisica sotto i 18 anni di et\u00e0.<br \/>\nNoi \/ noi (sia maiuscole che non) \u2013 Istituto Comprensivo Francesco Negri<\/p>\n<p><strong>Principi sulla protezione dei dati<\/strong><\/p>\n<p>Ci impegniamo a seguire i seguenti principi di protezione dei dati:<\/p>\n<p>L\u2019elaborazione \u00e8 lecita, equa, trasparente. Le nostre attivit\u00e0 di trattamento hanno motivi legittimi. Consideriamo sempre i tuoi diritti prima di elaborare i dati personali. Vi forniremo informazioni riguardanti l\u2019elaborazione su richiesta.<\/p>\n<p>L\u2019elaborazione \u00e8 limitata allo scopo. Le nostre attivit\u00e0 di elaborazione corrispondono allo scopo per cui sono stati raccolti i dati personali.<\/p>\n<p>L\u2019elaborazione viene eseguita con dati minimi. Raccogliamo e processiamo solo la quantit\u00e0 minima di dati personali richiesti per qualsiasi scopo.<\/p>\n<p>L\u2019elaborazione \u00e8 limitata con un periodo di tempo. Non archivieremo i tuoi dati personali per un tempo pi\u00f9 lungo del necessario.<\/p>\n<p>Faremo del nostro meglio per garantire l\u2019accuratezza dei dati.<\/p>\n<p>Faremo del nostro meglio per garantire l\u2019integrit\u00e0 e la riservatezza dei dati.<\/p>\n<p><strong>Dati di navigazione<\/strong><\/p>\n<p>I sistemi informatici e le procedure software preposte al funzionamento di questi siti web acquisiscono, nel corso del loro normale esercizio, alcuni dati personali la cui trasmissione \u00e8 implicita nell\u2019uso dei protocolli di comunicazione di Internet. Si tratta di informazioni che non sono raccolte per essere associate a interessati identificati, ma che per loro stessa natura potrebbero, attraverso elaborazioni ed associazioni con dati detenuti da terzi, permettere di identificare gli utenti.<\/p>\n<p>In questa categoria di dati rientrano gli indirizzi IP o i nomi a dominio dei computer utilizzati dagli utenti che si connettono ai siti, gli indirizzi in notazione URI (Uniform Resource Identifier) delle risorse richieste, l\u2019orario della richiesta, il metodo utilizzato nel sottoporre la richiesta al server, la dimensione del file ottenuto in risposta, il codice numerico indicante lo stato della risposta data dal server (buon fine, errore, ecc.) ed altri parametri relativi al sistema operativo e all\u2019ambiente informatico dell\u2019utente.<\/p>\n<p>I dati potrebbero essere utilizzati per l\u2019accertamento di responsabilit\u00e0 in caso di ipotetici reati informatici ai danni del sito e dell\u2019area servizi: salva questa eventualit\u00e0, <strong>i dati sui contatti web non persistono oltre la chiusura del form on-line e l\u2019elaborazione delle relative informazioni.<\/strong><\/p>\n<p><strong>Dati forniti dall\u2019utente<\/strong><\/p>\n<p>La compilazione dei form on-line richiede in alcuni casi l\u2019inserimento di dati personali, quali nome e cognome, indirizzo di posta elettronica. Tali dati risultano indispensabili e, pertanto, obbligatori; il loro mancato inserimento comporta l\u2019impossibilit\u00e0 di procedere alla compilazione e all\u2019invio del form.<\/p>\n<p>Potrebbero essere richiesti anche altri dati personali, quali il telefono e il codice fiscale dell\u2019interessato: tali dati sono utilizzati unicamente a fini istituzionali come specificato da ciascuna comunicazione di attivazione del form. Gli stessi potranno essere utilizzati per eventuali comunicazioni esclusivamente da parte dell\u2019Ufficio competente e del personale a questo assegnato; potranno essere inoltre trasmessi ai soggetti istituzionali (es. MIUR, altri Ministeri, Regioni, Comuni) con i quali l\u2019Ufficio collabora per la realizzazione delle attivit\u00e0 proposte, sempre nel rispetto dei suoi fini istituzionali. Eventuali trasmissioni ad altri Enti saranno specificate nel form on-line stesso.<\/p>\n<p><strong>Tempi di conservazione dei dati<\/strong><\/p>\n<p>L\u2019Istituto Comprensivo Francesco Negri &#8211; Casale Monferrato&nbsp; archivia i dati personali in appositi database per i tempi strettamente necessari all\u2019espletamento delle sue attivit\u00e0 istituzionali; ad esempio, nel caso di iscrizioni a singoli eventi, i dati verranno cancellati dal database il giorno immediatamente successivo alla realizzazione dell\u2019evento stesso.<\/p>\n<p><strong>Diritti dell\u2019interessato<\/strong><\/p>\n<p>L\u2019interessato ha i seguenti diritti:<\/p>\n<p>Diritto all\u2019informazione \u2013 significa che devi sapere se i tuoi dati personali sono in corso di elaborazione; quali dati vengono raccolti, e perch\u00e9 e da chi vengono elaborati.<\/p>\n<p>Diritto di accesso \u2013 significa che hai il diritto di accedere ai dati raccolti da \/ su di te. Ci\u00f2 include il diritto di richiedere e ottenere una copia dei dati personali raccolti.<\/p>\n<p>Diritto di rettifica: ci\u00f2 significa che hai il diritto di chiedere la rettifica o la cancellazione dei tuoi dati personali.<\/p>\n<p>Diritto alla cancellazione: ci\u00f2 significa che hai il diritto di richiedere la cancellazione dei tuoi dati personali dai nostri archivi.<\/p>\n<p>Diritto alla portabilit\u00e0 dei dati: hai il diritto di ottenere i tuoi dati personali in un formato leggibile dalla macchina o, se possibile, come trasferimento diretto da un elaboratore a un altro.<\/p>\n<p>Diritto di sporgere un reclamo \u2013 nel caso in cui rifiutiamo la tua richiesta ai sensi dei Diritti di accesso, ti forniremo una ragione per spiegare perch\u00e9. Se non sei soddisfatto del modo in cui \u00e8 stata gestita la tua richiesta, contattaci.<\/p>\n<p>Diritto di revoca del consenso \u2013 l\u2019utente ha il diritto di revocare qualsiasi consenso per l\u2019elaborazione dei propri dati personali.<\/p>\n<p><strong>Come utilizziamo i tuoi dati personali<\/strong><\/p>\n<p>Utilizziamo i tuoi dati personali per:<\/p>\n<p>Fornirti i nostri servizi comunicare e interagire con te; inviare notifiche via e-mail.<\/p>\n<p>Adempiere ad un obbligo previsto dalla normativa.<\/p>\n<p>Usiamo i tuoi dati personali per motivi legittimi e \/ o con il tuo consenso.<\/p>\n<p>Elaboriamo i tuoi dati personali al fine di adempiere agli obblighi derivanti dalla legge. Conserviamo le tue informazioni per il tempo strettamente necessario ma non oltre.<\/p>\n<p>Potremmo trattare i tuoi dati personali per scopi aggiuntivi che non sono menzionati qui, ma sono compatibili con lo scopo originale per il quale i dati sono stati raccolti. Per fare questo, ci assicureremo che:<\/p>\n<p>il collegamento tra finalit\u00e0, contesto e natura dei Dati personali sia idoneo per ulteriori elaborazioni;<br \/>\nl\u2019ulteriore elaborazione non danneggi i tuoi interessi;<br \/>\nci sia una protezione adeguata per l\u2019elaborazione.<\/p>\n<p>Ti informeremo di qualsiasi ulteriore elaborazione e finalit\u00e0.<\/p>\n<p><strong>Come proteggiamo i tuoi dati<\/strong><\/p>\n<p>Facciamo del nostro meglio per mantenere i tuoi dati personali al sicuro. Utilizziamo protocolli sicuri per la comunicazione e il trasferimento di dati (come HTTPS). Monitoriamo i nostri sistemi per possibili vulnerabilit\u00e0 e attacchi.<\/p>\n<p>Anche se facciamo del nostro meglio, non possiamo garantire l\u2019assoluta sicurezza delle informazioni. Tuttavia, ci impegniamo a notificare alle autorit\u00e0 competenti le violazioni dei dati. Ti informeremo inoltre se sussiste una minaccia per i tuoi diritti o interessi. Faremo tutto quanto ragionevolmente possibile per prevenire violazioni della sicurezza e assistere le autorit\u00e0 in caso di violazioni.<\/p>\n<p>Se hai un account con noi, tieni presente che devi mantenere segreto il tuo nome utente e password.<\/p>\n<p><strong>Informazioni sui cookie<\/strong><\/p>\n<p>Un cookie \u00e8 un piccolo file di testo memorizzato sul tuo computer. I cookie memorizzano le informazioni che vengono utilizzate per aiutare a far funzionare i siti. Solo noi possiamo accedere ai cookie creati dal nostro sito web. Puoi controllare i tuoi cookie a livello di browser. La scelta di disabilitare i cookie potrebbe ostacolare l\u2019utilizzo di determinate funzioni.<\/p>\n<p>Utilizziamo i cookie per i seguenti scopi:<\/p>\n<p>Cookie necessari: questi cookie sono necessari per poter utilizzare alcune funzionalit\u00e0 importanti sul nostro sito Web, come ad esempio l\u2019accesso. Questi cookie non raccolgono alcuna informazione personale.<\/p>\n<p>Cookie di funzionalit\u00e0: questi cookie forniscono funzionalit\u00e0 che rendono pi\u00f9 comodo l\u2019utilizzo del servizio e rendono possibili funzionalit\u00e0 pi\u00f9 personalizzate. Ad esempio, potrebbero ricordare il tuo nome e la tua e-mail nei moduli di commento in modo da non dover reinserire queste informazioni la volta successiva quando commentano.<\/p>\n<p>Cookie analitici: questi cookie sono utilizzati per tracciare l\u2019utilizzo e le prestazioni del nostro sito Web e dei nostri servizi<\/p>\n<p>\u00c8 possibile rimuovere i cookie memorizzati nel computer tramite le impostazioni del browser.<\/p>\n<p><strong>Informazioni sui commenti<\/strong><\/p>\n<p>Sul sito https:\/\/www.comprensivonegricasale.edu.it&nbsp; i commenti sono completamente disabilitati tramite apposito software<\/p>\n<p>Autorit\u00e0 di vigilanza<\/p>\n<p>Email: garante@garanteprivacy.it<br \/>\nTelefono: 06 69677 1<\/p>\n<p><strong>Modifiche alla presente informativa sulla privacy<\/strong><\/p>\n<p>Ci riserviamo il diritto di apportare modifiche alla presente Informativa sulla privacy<\/p>\n","protected":false},"excerpt":{"rendered":"<p>Regolamento europeo in materia di protezione dei dati personali A seguito delle modifiche apportare dal Regolamento UE 2016\/679 vengono di seguito allegate le nuove informative e comunicazioni. Si ricorda quanto segue: Titolare del trattamento: \u201cIstituto Comprensivo Francesco NEGRI Via Gonzaga, 21 \u2013 15033 Casale M.to (AL) tel.: 0142 452313&nbsp; sito: https:\/\/www.comprensivonegricasale.edu.it email: alic824003@istruzione.it pec: alic824003@pec.istruzione.it&nbsp; &nbsp; <a class=\"moretag\" href=\"https:\/\/www.comprensivonegricasale.edu.it\/amministrazione-digitale\/privacy\/\" title=\"Leggi l&#180;intero articolo\">&raquo;<\/a><\/p>\n","protected":false},"author":1,"featured_media":0,"parent":7060,"menu_order":3,"comment_status":"open","ping_status":"closed","template":"","meta":{"ngg_post_thumbnail":0},"_links":{"self":[{"href":"https:\/\/www.comprensivonegricasale.edu.it\/wp-json\/wp\/v2\/pages\/6755"}],"collection":[{"href":"https:\/\/www.comprensivonegricasale.edu.it\/wp-json\/wp\/v2\/pages"}],"about":[{"href":"https:\/\/www.comprensivonegricasale.edu.it\/wp-json\/wp\/v2\/types\/page"}],"author":[{"embeddable":true,"href":"https:\/\/www.comprensivonegricasale.edu.it\/wp-json\/wp\/v2\/users\/1"}],"replies":[{"embeddable":true,"href":"https:\/\/www.comprensivonegricasale.edu.it\/wp-json\/wp\/v2\/comments?post=6755"}],"version-history":[{"count":11,"href":"https:\/\/www.comprensivonegricasale.edu.it\/wp-json\/wp\/v2\/pages\/6755\/revisions"}],"predecessor-version":[{"id":15686,"href":"https:\/\/www.comprensivonegricasale.edu.it\/wp-json\/wp\/v2\/pages\/6755\/revisions\/15686"}],"up":[{"embeddable":true,"href":"https:\/\/www.comprensivonegricasale.edu.it\/wp-json\/wp\/v2\/pages\/7060"}],"wp:attachment":[{"href":"https:\/\/www.comprensivonegricasale.edu.it\/wp-json\/wp\/v2\/media?parent=6755"}],"curies":[{"name":"wp","href":"https:\/\/api.w.org\/{rel}","templated":true}]}}