{"id":8414,"date":"2016-12-06T13:57:10","date_gmt":"2016-12-06T11:57:10","guid":{"rendered":"http:\/\/www.comprensivonegricasale.edu.it\/?page_id=8414"},"modified":"2016-12-15T19:09:41","modified_gmt":"2016-12-15T17:09:41","slug":"istanza-di-accesso-civico","status":"publish","type":"page","link":"https:\/\/www.comprensivonegricasale.edu.it\/istanza-di-accesso-civico\/","title":{"rendered":"Istanza di accesso civico"},"content":{"rendered":"<div class=\"section field field-name-body field-type-text-with-summary field-label-hidden\">\n<div class=\"field-items\">\n<div class=\"field-item odd\">\n<div>\n<p style=\"text-align: justify;\"><span style=\"font-family: 'times new roman', times, serif; font-size: 10pt;\">L&#8217;accesso civico \u00e8 il diritto di chiunque di richiedere i documenti, le informazioni o i dati che le Pubbliche Amministrazioni hanno l&#8217;obbligo di pubblicare ai sensi del decreto legislativo 14 marzo 2013, nr. 33, laddove abbiano omesso di renderli disponibili nella sezione Amministrazione trasparente del sito istituzionale.L&#8217;accesso civico \u00e8 un diritto che pu\u00f2 essere esercitato da chiunque, in maniera gratuita e non necessit\u00e0 di alcuna motivazione.&nbsp;<\/span><\/p>\n<\/div>\n<div style=\"text-align: justify;\"><span style=\"font-family: 'times new roman', times, serif; font-size: 10pt;\">La domanda di accesso civico deve essere indirizzata al Responsabile della Trasparenza dell\u2019Amministrazione.<\/span><\/div>\n<div style=\"text-align: justify;\"><span style=\"font-family: 'times new roman', times, serif; font-size: 10pt;\">Il Responsabile della Trasparenza, dopo aver ricevuto la richiesta, verifica la sussistenza dell&#8217;obbligo di pubblicazione e, in caso positivo, provvede alla pubblicazione dei documenti o informazioni oggetto della richiesta nella sezione Amministrazione Trasparente del sito istituzionale entro il termine di 30 giorni.<\/span><\/div>\n<div style=\"text-align: justify;\">\n<p><span style=\"font-family: 'times new roman', times, serif; font-size: 10pt;\">Provvede, inoltre, a dare comunicazione dell&#8217;avvenuta pubblicazione al richiedente indicando il relativo collegamento ipertestuale (link). Se quanto richiesto risulta gi\u00e0 pubblicato, ne d\u00e0 comunicazione al richiedente indicando il relativo collegamento ipertestuale.I dati pubblicati sono utilizzabili da chiunque.<\/span><\/p>\n<p><span style=\"font-family: 'times new roman', times, serif; font-size: 10pt;\">Nei casi di ritardo o mancata risposta il richiedente pu\u00f2 ricorrere al titolare del potere sostitutivo che, verificata la sussistenza dell&#8217;obbligo di pubblicazione, entro 15 giorni, provvede alla pubblicazione e ad informare il richiedente.<\/span><\/p>\n<\/div>\n<\/div>\n<\/div>\n<\/div>\n<div class=\"section field field-name-field-allegato field-type-file field-label-above\">\n<h3 class=\"field-label\" style=\"text-align: justify;\"><span style=\"font-family: 'times new roman', times, serif; font-size: 10pt;\">&nbsp;<\/span><\/h3>\n<\/div>\n<!-- WP Attachments -->\r\n        <div style=\"width:100%;margin:10px 0 10px 0;\">\r\n            <h3>Allegati<\/h3>\r\n        <ul class=\"post-attachments\"><li class=\"post-attachment mime-application-rtf\"><a href=\"https:\/\/www.comprensivonegricasale.edu.it\/wp-content\/uploads\/2016\/12\/Istanza-accesso-civico.rtf\">Istanza accesso civico<\/a> <small>(49 kB)<\/small><\/li><\/ul><\/div>","protected":false},"excerpt":{"rendered":"<p>L&#8217;accesso civico \u00e8 il diritto di chiunque di richiedere i documenti, le informazioni o i dati che le Pubbliche Amministrazioni hanno l&#8217;obbligo di pubblicare ai sensi del decreto legislativo 14 marzo 2013, nr. 33, laddove abbiano omesso di renderli disponibili nella sezione Amministrazione trasparente del sito istituzionale.L&#8217;accesso civico \u00e8 un diritto che pu\u00f2 essere esercitato&nbsp; &nbsp; <a class=\"moretag\" href=\"https:\/\/www.comprensivonegricasale.edu.it\/istanza-di-accesso-civico\/\" title=\"Leggi l&#180;intero articolo\">&raquo;<\/a><\/p>\n","protected":false},"author":1,"featured_media":0,"parent":0,"menu_order":0,"comment_status":"closed","ping_status":"closed","template":"","meta":{"ngg_post_thumbnail":0},"_links":{"self":[{"href":"https:\/\/www.comprensivonegricasale.edu.it\/wp-json\/wp\/v2\/pages\/8414"}],"collection":[{"href":"https:\/\/www.comprensivonegricasale.edu.it\/wp-json\/wp\/v2\/pages"}],"about":[{"href":"https:\/\/www.comprensivonegricasale.edu.it\/wp-json\/wp\/v2\/types\/page"}],"author":[{"embeddable":true,"href":"https:\/\/www.comprensivonegricasale.edu.it\/wp-json\/wp\/v2\/users\/1"}],"replies":[{"embeddable":true,"href":"https:\/\/www.comprensivonegricasale.edu.it\/wp-json\/wp\/v2\/comments?post=8414"}],"version-history":[{"count":4,"href":"https:\/\/www.comprensivonegricasale.edu.it\/wp-json\/wp\/v2\/pages\/8414\/revisions"}],"predecessor-version":[{"id":8419,"href":"https:\/\/www.comprensivonegricasale.edu.it\/wp-json\/wp\/v2\/pages\/8414\/revisions\/8419"}],"wp:attachment":[{"href":"https:\/\/www.comprensivonegricasale.edu.it\/wp-json\/wp\/v2\/media?parent=8414"}],"curies":[{"name":"wp","href":"https:\/\/api.w.org\/{rel}","templated":true}]}}